{"id":1276,"date":"2026-02-10T21:25:30","date_gmt":"2026-02-10T20:25:30","guid":{"rendered":"https:\/\/woo.unita.es\/?product=termix-adaptador-nuca-lavacabeza-pack-2-uds-006-6001"},"modified":"2026-04-08T03:01:56","modified_gmt":"2026-04-08T01:01:56","slug":"termix-adaptador-nuca-lavacabeza-pack-2-uds-006-6001","status":"publish","type":"product","link":"https:\/\/woo.unita.es\/?product=termix-adaptador-nuca-lavacabeza-pack-2-uds-006-6001","title":{"rendered":"Termix Adaptador Nuca Lavacabeza Pack 2 Uds  006-6001"},"content":{"rendered":"<p>Totalmente impermeable.<\/p>\n<p>Se ajusta perfectamente al lavacabezas y produce una sensaci\u00f3n de bienestar en el cuello del usuario.<\/p>\n<p>La presentaci\u00f3n de este producto contiene 2 unidades<\/p>\n<p>Adaptador de nuca totalmente impermeable.<br \/>\nSe ajusta perfectamente al lavacabezas y produce una sensaci\u00f3n de bienestar en el cuello del usuario.<br \/>\nVENTAJAS T\u00c9CNICAS<\/p>\n<p>100% ajustable:<br \/>\nCon forma tubular de 28,7 cm de longitud y tacto acolchado, se adapta perfectamente a cualquier lavacabezas, proporcionando un m\u00e1ximo confort en el cuello del cliente.<\/p>\n<p>M\u00e1ximo confort:<br \/>\nDise\u00f1ado en caucho, es totalmente impermeable y resistente.<\/p>\n<p>Fabricaci\u00f3n Made in Spain:<br \/>\nDise\u00f1ado y fabricado en Espa\u00f1a, con certificaci\u00f3n de calidad Europea.<\/p>\n","protected":false},"excerpt":{"rendered":"<p>Totalmente impermeable.<\/p>\n<p>Se ajusta perfectamente al lavacabezas y produce una sensaci\u00f3n de bienestar en el cuello del usuario.<\/p>\n<p>La presentaci\u00f3n de este producto contiene 2 unidades<\/p>\n<p>Adaptador de nuca totalmente impermeable.<br \/>\nSe ajusta perfectamente al lavacabezas y produce una sensaci\u00f3n de bienestar en el cuello del usuario.<br \/>\nVENTAJAS T\u00c9CNICAS<\/p>\n<p>100% ajustable:<br \/>\nCon forma tubular de 28,7 cm de longitud y tacto acolchado, se adapta perfectamente a cualquier lavacabezas, proporcionando un m\u00e1ximo confort en el cuello del cliente.<\/p>\n<p>M\u00e1ximo confort:<br \/>\nDise\u00f1ado en caucho, es totalmente impermeable y resistente.<\/p>\n<p>Fabricaci\u00f3n Made in Spain:<br \/>\nDise\u00f1ado y fabricado en Espa\u00f1a, con certificaci\u00f3n de calidad Europea.<\/p>\n","protected":false},"featured_media":1308,"comment_status":"closed","ping_status":"closed","template":"","meta":[],"product_brand":[],"product_cat":[55,54],"product_tag":[],"class_list":{"0":"post-1276","1":"product","2":"type-product","3":"status-publish","4":"has-post-thumbnail","6":"product_cat-accesorios-y-complementos-lavacabezas","7":"product_cat-mobiliario-peluqueria-accesorios-y-repuestos","9":"first","10":"instock","11":"sold-individually","12":"taxable","13":"shipping-taxable","14":"purchasable","15":"product-type-simple"},"_links":{"self":[{"href":"https:\/\/woo.unita.es\/index.php?rest_route=\/wp\/v2\/product\/1276","targetHints":{"allow":["GET"]}}],"collection":[{"href":"https:\/\/woo.unita.es\/index.php?rest_route=\/wp\/v2\/product"}],"about":[{"href":"https:\/\/woo.unita.es\/index.php?rest_route=\/wp\/v2\/types\/product"}],"replies":[{"embeddable":true,"href":"https:\/\/woo.unita.es\/index.php?rest_route=%2Fwp%2Fv2%2Fcomments&post=1276"}],"wp:featuredmedia":[{"embeddable":true,"href":"https:\/\/woo.unita.es\/index.php?rest_route=\/wp\/v2\/media\/1308"}],"wp:attachment":[{"href":"https:\/\/woo.unita.es\/index.php?rest_route=%2Fwp%2Fv2%2Fmedia&parent=1276"}],"wp:term":[{"taxonomy":"product_brand","embeddable":true,"href":"https:\/\/woo.unita.es\/index.php?rest_route=%2Fwp%2Fv2%2Fproduct_brand&post=1276"},{"taxonomy":"product_cat","embeddable":true,"href":"https:\/\/woo.unita.es\/index.php?rest_route=%2Fwp%2Fv2%2Fproduct_cat&post=1276"},{"taxonomy":"product_tag","embeddable":true,"href":"https:\/\/woo.unita.es\/index.php?rest_route=%2Fwp%2Fv2%2Fproduct_tag&post=1276"}],"curies":[{"name":"wp","href":"https:\/\/api.w.org\/{rel}","templated":true}]}}