{"id":1373,"date":"2026-02-11T10:40:19","date_gmt":"2026-02-11T09:40:19","guid":{"rendered":"https:\/\/woo.unita.es\/?product=termix-cepillo-termico-ceramica-ionizados-o-43-mm-005-5ce5p"},"modified":"2026-04-08T03:01:57","modified_gmt":"2026-04-08T01:01:57","slug":"termix-cepillo-termico-ceramica-ionizados-o-43-mm-005-5ce5p","status":"publish","type":"product","link":"https:\/\/woo.unita.es\/?product=termix-cepillo-termico-ceramica-ionizados-o-43-mm-005-5ce5p","title":{"rendered":"Termix Cepillo Termico Ceramica Ionizados \u00d8 43 Mm  005-5ce5p"},"content":{"rendered":"<p>Termix C.Ramic<br \/>\nCepillo profesional que permite mantener el calor ayudando a reducir el tiempo de secado.<br \/>\nAdem\u00e1s, al estar ionizado aporta beneficios a tres niveles: restaura el equilibrio del cabello proporcionando brillo y suavidad, elimina la electricidad est\u00e1tica del cabello y alarga la vida del cepillo, haci\u00e9ndolo m\u00e1s resistente al calor. <\/p>\n<p>DI\u00c1METROS (mm)\t43<\/p>\n","protected":false},"excerpt":{"rendered":"<p>Termix C.Ramic<br \/>\nCepillo profesional que permite mantener el calor ayudando a reducir el tiempo de secado.<br \/>\nAdem\u00e1s, al estar ionizado aporta beneficios a tres niveles: restaura el equilibrio del cabello proporcionando brillo y suavidad, elimina la electricidad est\u00e1tica del cabello y alarga la vida del cepillo, haci\u00e9ndolo m\u00e1s resistente al calor. <\/p>\n<p>DI\u00c1METROS (mm)\t43<\/p>\n","protected":false},"featured_media":1372,"comment_status":"closed","ping_status":"closed","template":"","meta":[],"product_brand":[],"product_cat":[61,59],"product_tag":[],"class_list":{"0":"post-1373","1":"product","2":"type-product","3":"status-publish","4":"has-post-thumbnail","6":"product_cat-cepillo-termico-ceramic-ionic","7":"product_cat-cepillos","9":"first","10":"outofstock","11":"sold-individually","12":"taxable","13":"shipping-taxable","14":"purchasable","15":"product-type-simple"},"_links":{"self":[{"href":"https:\/\/woo.unita.es\/index.php?rest_route=\/wp\/v2\/product\/1373","targetHints":{"allow":["GET"]}}],"collection":[{"href":"https:\/\/woo.unita.es\/index.php?rest_route=\/wp\/v2\/product"}],"about":[{"href":"https:\/\/woo.unita.es\/index.php?rest_route=\/wp\/v2\/types\/product"}],"replies":[{"embeddable":true,"href":"https:\/\/woo.unita.es\/index.php?rest_route=%2Fwp%2Fv2%2Fcomments&post=1373"}],"wp:featuredmedia":[{"embeddable":true,"href":"https:\/\/woo.unita.es\/index.php?rest_route=\/wp\/v2\/media\/1372"}],"wp:attachment":[{"href":"https:\/\/woo.unita.es\/index.php?rest_route=%2Fwp%2Fv2%2Fmedia&parent=1373"}],"wp:term":[{"taxonomy":"product_brand","embeddable":true,"href":"https:\/\/woo.unita.es\/index.php?rest_route=%2Fwp%2Fv2%2Fproduct_brand&post=1373"},{"taxonomy":"product_cat","embeddable":true,"href":"https:\/\/woo.unita.es\/index.php?rest_route=%2Fwp%2Fv2%2Fproduct_cat&post=1373"},{"taxonomy":"product_tag","embeddable":true,"href":"https:\/\/woo.unita.es\/index.php?rest_route=%2Fwp%2Fv2%2Fproduct_tag&post=1373"}],"curies":[{"name":"wp","href":"https:\/\/api.w.org\/{rel}","templated":true}]}}