{"id":1389,"date":"2026-02-11T10:40:22","date_gmt":"2026-02-11T09:40:22","guid":{"rendered":"https:\/\/woo.unita.es\/?product=termix-cepillo-termico-metal-o-32-mm-005-5004tp"},"modified":"2026-04-08T03:01:57","modified_gmt":"2026-04-08T01:01:57","slug":"termix-cepillo-termico-metal-o-32-mm-005-5004tp","status":"publish","type":"product","link":"https:\/\/woo.unita.es\/?product=termix-cepillo-termico-metal-o-32-mm-005-5004tp","title":{"rendered":"Termix Cepillo Termico Metal \u00d8 32 Mm  005-5004tp"},"content":{"rendered":"<p>Termix Profesional<br \/>\nCepillo t\u00e9rmico dise\u00f1ado con fibra altamente resistente al calor, reduce el tiempo de secado un 50% m\u00e1s que los cepillos de madera convencionales.<br \/>\nSu proceso de fabricaci\u00f3n favorece la durabilidad y evita que el mango se desprenda (se realiza un ensamblaje t\u00e9rmico, sin uso de pegamentos). <\/p>\n<p>DI\u00c1METROS (mm)\t 32<\/p>\n","protected":false},"excerpt":{"rendered":"<p>Termix Profesional<br \/>\nCepillo t\u00e9rmico dise\u00f1ado con fibra altamente resistente al calor, reduce el tiempo de secado un 50% m\u00e1s que los cepillos de madera convencionales.<br \/>\nSu proceso de fabricaci\u00f3n favorece la durabilidad y evita que el mango se desprenda (se realiza un ensamblaje t\u00e9rmico, sin uso de pegamentos). <\/p>\n<p>DI\u00c1METROS (mm)\t 32<\/p>\n","protected":false},"featured_media":1388,"comment_status":"closed","ping_status":"closed","template":"","meta":[],"product_brand":[],"product_cat":[63,59],"product_tag":[],"class_list":{"0":"post-1389","1":"product","2":"type-product","3":"status-publish","4":"has-post-thumbnail","6":"product_cat-cepillo-termico-metal","7":"product_cat-cepillos","9":"first","10":"outofstock","11":"sold-individually","12":"taxable","13":"shipping-taxable","14":"purchasable","15":"product-type-simple"},"_links":{"self":[{"href":"https:\/\/woo.unita.es\/index.php?rest_route=\/wp\/v2\/product\/1389","targetHints":{"allow":["GET"]}}],"collection":[{"href":"https:\/\/woo.unita.es\/index.php?rest_route=\/wp\/v2\/product"}],"about":[{"href":"https:\/\/woo.unita.es\/index.php?rest_route=\/wp\/v2\/types\/product"}],"replies":[{"embeddable":true,"href":"https:\/\/woo.unita.es\/index.php?rest_route=%2Fwp%2Fv2%2Fcomments&post=1389"}],"wp:featuredmedia":[{"embeddable":true,"href":"https:\/\/woo.unita.es\/index.php?rest_route=\/wp\/v2\/media\/1388"}],"wp:attachment":[{"href":"https:\/\/woo.unita.es\/index.php?rest_route=%2Fwp%2Fv2%2Fmedia&parent=1389"}],"wp:term":[{"taxonomy":"product_brand","embeddable":true,"href":"https:\/\/woo.unita.es\/index.php?rest_route=%2Fwp%2Fv2%2Fproduct_brand&post=1389"},{"taxonomy":"product_cat","embeddable":true,"href":"https:\/\/woo.unita.es\/index.php?rest_route=%2Fwp%2Fv2%2Fproduct_cat&post=1389"},{"taxonomy":"product_tag","embeddable":true,"href":"https:\/\/woo.unita.es\/index.php?rest_route=%2Fwp%2Fv2%2Fproduct_tag&post=1389"}],"curies":[{"name":"wp","href":"https:\/\/api.w.org\/{rel}","templated":true}]}}